{"id":105,"date":"2020-10-08T11:26:46","date_gmt":"2020-10-08T11:26:46","guid":{"rendered":"https:\/\/hsogroup.es\/?page_id=105"},"modified":"2020-10-29T12:35:08","modified_gmt":"2020-10-29T12:35:08","slug":"peritacion-en-seguros","status":"publish","type":"page","link":"https:\/\/hsogroup.es\/index.php\/peritacion-en-seguros\/","title":{"rendered":"Peritaci\u00f3n en seguros"},"content":{"rendered":"\t\t<div data-elementor-type=\"wp-page\" data-elementor-id=\"105\" class=\"elementor elementor-105\" data-elementor-settings=\"[]\">\n\t\t\t\t\t\t<div class=\"elementor-inner\">\n\t\t\t\t\t\t\t<div class=\"elementor-section-wrap\">\n\t\t\t\t\t\t\t<section class=\"elementor-section elementor-top-section elementor-element elementor-element-8bc81c5 elementor-section-full_width elementor-section-height-min-height elementor-section-items-stretch elementor-section-content-bottom elementor-section-height-default\" data-id=\"8bc81c5\" data-element_type=\"section\" data-settings=\"{&quot;background_background&quot;:&quot;classic&quot;}\">\n\t\t\t\t\t\t<div class=\"elementor-container elementor-column-gap-default\">\n\t\t\t\t\t\t\t<div class=\"elementor-row\">\n\t\t\t\t\t<div class=\"elementor-column elementor-col-50 elementor-top-column elementor-element elementor-element-ed7fabd\" data-id=\"ed7fabd\" data-element_type=\"column\">\n\t\t\t<div class=\"elementor-column-wrap elementor-element-populated\">\n\t\t\t\t\t\t\t<div class=\"elementor-widget-wrap\">\n\t\t\t\t\t\t<div class=\"elementor-element elementor-element-c127fd3 elementor-widget elementor-widget-heading\" data-id=\"c127fd3\" data-element_type=\"widget\" data-widget_type=\"heading.default\">\n\t\t\t\t<div class=\"elementor-widget-container\">\n\t\t\t<h2 class=\"elementor-heading-title elementor-size-default\">Peritaci\u00f3n <br>en seguros<\/h2>\t\t<\/div>\n\t\t\t\t<\/div>\n\t\t\t\t<div class=\"elementor-element elementor-element-39f2337 elementor-widget elementor-widget-text-editor\" data-id=\"39f2337\" data-element_type=\"widget\" data-widget_type=\"text-editor.default\">\n\t\t\t\t<div class=\"elementor-widget-container\">\n\t\t\t\t\t<div class=\"elementor-text-editor elementor-clearfix\"><p>Acreditados como perito <strong>FUEDI ELAE<\/strong> , siendo la calificaci\u00f3n m\u00e1s alta a nivel europeo que regula la profesi\u00f3n de perito de seguros.<\/p><p>A su vez contamos con la acreditaci\u00f3n por parte de la Direcci\u00f3n General de Seguros pata intervenir como perito de seguros regulado por el Art.38 de la Ley General del Seguro.<\/p><p>En Hso Group estamos especializados en el campo de la peritaci\u00f3n de seguros en <strong>incendios de riesgos diversos<\/strong>.<\/p><\/div>\n\t\t\t\t<\/div>\n\t\t\t\t<\/div>\n\t\t\t\t\t\t<\/div>\n\t\t\t\t\t<\/div>\n\t\t<\/div>\n\t\t\t\t<div class=\"elementor-column elementor-col-50 elementor-top-column elementor-element elementor-element-72af082\" data-id=\"72af082\" data-element_type=\"column\">\n\t\t\t<div class=\"elementor-column-wrap\">\n\t\t\t\t\t\t\t<div class=\"elementor-widget-wrap\">\n\t\t\t\t\t\t\t\t<\/div>\n\t\t\t\t\t<\/div>\n\t\t<\/div>\n\t\t\t\t\t\t\t\t<\/div>\n\t\t\t\t\t<\/div>\n\t\t<\/section>\n\t\t\t\t\t\t<\/div>\n\t\t\t\t\t\t<\/div>\n\t\t\t\t\t<\/div>\n\t\t","protected":false},"excerpt":{"rendered":"<p>Peritaci\u00f3n en seguros Acreditados como perito FUEDI ELAE , siendo la calificaci\u00f3n m\u00e1s alta a nivel europeo que regula la profesi\u00f3n de perito de seguros. A su vez contamos con la acreditaci\u00f3n por parte de la Direcci\u00f3n General de Seguros&#8230;<\/p>\n","protected":false},"author":1,"featured_media":0,"parent":0,"menu_order":0,"comment_status":"closed","ping_status":"closed","template":"","meta":{"footnotes":""},"_links":{"self":[{"href":"https:\/\/hsogroup.es\/index.php\/wp-json\/wp\/v2\/pages\/105"}],"collection":[{"href":"https:\/\/hsogroup.es\/index.php\/wp-json\/wp\/v2\/pages"}],"about":[{"href":"https:\/\/hsogroup.es\/index.php\/wp-json\/wp\/v2\/types\/page"}],"author":[{"embeddable":true,"href":"https:\/\/hsogroup.es\/index.php\/wp-json\/wp\/v2\/users\/1"}],"replies":[{"embeddable":true,"href":"https:\/\/hsogroup.es\/index.php\/wp-json\/wp\/v2\/comments?post=105"}],"version-history":[{"count":13,"href":"https:\/\/hsogroup.es\/index.php\/wp-json\/wp\/v2\/pages\/105\/revisions"}],"predecessor-version":[{"id":340,"href":"https:\/\/hsogroup.es\/index.php\/wp-json\/wp\/v2\/pages\/105\/revisions\/340"}],"wp:attachment":[{"href":"https:\/\/hsogroup.es\/index.php\/wp-json\/wp\/v2\/media?parent=105"}],"curies":[{"name":"wp","href":"https:\/\/api.w.org\/{rel}","templated":true}]}}